{"id":5277,"date":"2021-01-15T16:50:31","date_gmt":"2021-01-15T14:50:31","guid":{"rendered":"http:\/\/www.martinkoos.de\/blog\/?page_id=5277"},"modified":"2021-01-19T17:33:18","modified_gmt":"2021-01-19T15:33:18","slug":"hochzeitsfotografie-preise-2","status":"publish","type":"page","link":"http:\/\/www.martinkoos.de\/blog\/hochzeitsfotografie-preise-2\/","title":{"rendered":"Leistungen und Preise"},"content":{"rendered":"<div id=\"pl-5277\"  class=\"panel-layout\" ><div id=\"pg-5277-0\"  class=\"panel-grid panel-no-style\" ><div id=\"pgc-5277-0-0\"  class=\"panel-grid-cell\" ><div id=\"panel-5277-0-0-0\" class=\"so-panel widget widget_sow-editor panel-first-child panel-last-child widgetopts-SO\" data-index=\"0\" ><div class=\"so-widget-sow-editor so-widget-sow-editor-base\">\n<div class=\"siteorigin-widget-tinymce textwidget\">\n\t<h2>Hochzeitsfotografie und Hochzeitsreportage | F\u00fcr Eure Hochzeit<\/h2>\n<p><img loading=\"lazy\" class=\"aligncenter size-full wp-image-1603\" src=\"http:\/\/www.martinkoos.de\/blog\/wp-content\/uploads\/2014\/08\/DSC_1270.jpg\" alt=\"Hochzeitsfotografie Preise Hochzeitsreportage\" width=\"999\" height=\"665\" srcset=\"http:\/\/www.martinkoos.de\/blog\/wp-content\/uploads\/2014\/08\/DSC_1270.jpg 999w, http:\/\/www.martinkoos.de\/blog\/wp-content\/uploads\/2014\/08\/DSC_1270-200x133.jpg 200w, http:\/\/www.martinkoos.de\/blog\/wp-content\/uploads\/2014\/08\/DSC_1270-845x562.jpg 845w, http:\/\/www.martinkoos.de\/blog\/wp-content\/uploads\/2014\/08\/DSC_1270-30x20.jpg 30w, http:\/\/www.martinkoos.de\/blog\/wp-content\/uploads\/2014\/08\/DSC_1270-272x182.jpg 272w\" sizes=\"(max-width: 999px) 100vw, 999px\" \/><\/p>\n<p>Hochzeitsfotografie f\u00fcr Berlin, Brandenburg und deutschlandweit!<\/p>\n<p>Termine f\u00fcr 2021 und 2022 - einfach anfragen unter: mail@martinkoos de<\/p>\n<hr \/>\n<p style=\"text-align: left;\"><strong>Kompakt bis 2 Stunden (in Berlin und Umgebung)<br \/>\n<\/strong>459 \u20ac<strong><br \/>\n<\/strong><\/p>\n<p style=\"text-align: left;\"><strong>Halbtags bis zu 5 Stunden<\/strong><br \/>\n799 \u20ac<\/p>\n<p><strong>Ganztags bis zu 10 Stunden<\/strong><br \/>\n1499 \u20ac<\/p>\n<p style=\"text-align: left;\"><strong>Jede weitere Stunde (10h+)<\/strong><br \/>\n149 \u20ac<\/p>\n<hr \/>\n<p><strong>Im Preis inbegriffen:<\/strong><\/p>\n<ul>\n<li>Anfahrt und Abfahrt<\/li>\n<li>\u00a0Vorabgespr\u00e4ch zum Kennenlernen und Besprechen von Ideen, Details und W\u00fcnschen<\/li>\n<li>die Hochzeitreportage mit Vorbereitung, Trauung, Feier und allem Drum und Dran, ein Brautpaarshooting, Gruppenbilder, etc.<\/li>\n<li>Professionelle Nachbearbeitung aller Bilder\u00a0 (50-100 Bilder pro fotografierte Stunde) \u2013<br \/>\ndabei werden Eure W\u00fcnsche wie beispielsweise Schwarzwei\u00dffotografien oder Bilder im Vintagestil umgesetzt.<\/li>\n<li>Ihr bekommt alle Bilder digital, in voller Aufl\u00f6sung, ohne Wasserzeichen auf DVD oder USB-Medium \u2013 d.h. Ihr k\u00f6nnt ohne Zusatzkosten selbst beliebig viele Abz\u00fcge anfertigen.<\/li>\n<li>10 - 20 professionelle Fotoabz\u00fcge (Format 13x18)<\/li>\n<li>Eine Onlinegalerie mit einer Bildauswahl, die Ihr auch weiterverlinken k\u00f6nnt, um damit Euren G\u00e4sten die Bilder zu zeigen.<\/li>\n<li>Bei Ganztagsbuchung: auf Wunsch\u00a0 separates G\u00e4steshooting (Fotoecke\/Photobooth\/Kreativbilder), mit professionellem Studioblitz<\/li>\n<li>Auf Wunsch: Original-Vintagebilder mit alter Rollfilmkamera \u2013 digital (TTV)<\/li>\n<\/ul>\n<p><strong>Zus\u00e4tzlich:<\/strong><\/p>\n<ul>\n<li>Engagementshooting, also eine Vorab-Paarfotosession \u2013 diese Bilder werden von den Paaren gern beispielsweise f\u00fcr die Einladungskarten verwendet.<br \/>\n<em>Preis: 150 \u20ac<\/em><\/li>\n<li>Erstellung eines Fotobuchs\u00a0 \u2013 je nach Umfang und Produktionskosten (des Herstellers)<em> zwischen 150 und 250 \u20ac<\/em> \u2013 das w\u00fcrden wir dann im Vorfeld nat\u00fcrlich genau und f\u00fcr Euch transparent besprechen.<\/li>\n<li>jede zus\u00e4tzliche Stunde, spontan vor Ort<br \/>\n<em>Preis: 180\u20ac<\/em><\/li>\n<\/ul>\n<h2><\/h2>\n<hr \/>\n<h2><\/h2>\n<h2><strong>Individuelle Paarportr\u00e4tfotografie und Einzelportr\u00e4tshooting<\/strong><\/h2>\n<ul>\n<li>Vorabgespr\u00e4ch zum Kennenlernen und Besprechen von Ideen, Details und W\u00fcnschen<\/li>\n<li>30-50 Bilder, professionell nachbearbeitet, in voller Aufl\u00f6sung, ohne Wasserzeichen digital auf DVD oder USB-Medium zur Verf\u00fcgung gestellt \u2013 d.h. Ihr k\u00f6nnt ohne Zusatzkosten selbst beliebig viele Abz\u00fcge anfertigen.<\/li>\n<li>Wir sollten uns mindestens 90 Minuten Zeit nehmen - je nachdem, was Ihr Euch vorstellt.<\/li>\n<li><em>Preis: 120 \u20ac pro Stunde<br \/>\n<\/em><\/li>\n<\/ul>\n<hr \/>\n<p><img loading=\"lazy\" class=\"aligncenter wp-image-2411 size-full\" src=\"http:\/\/www.martinkoos.de\/blog\/wp-content\/uploads\/2015\/12\/Martin-Koos_Fotograf.jpg\" alt=\"Martin Koos Fotograf\" width=\"812\" height=\"540\" srcset=\"http:\/\/www.martinkoos.de\/blog\/wp-content\/uploads\/2015\/12\/Martin-Koos_Fotograf.jpg 812w, http:\/\/www.martinkoos.de\/blog\/wp-content\/uploads\/2015\/12\/Martin-Koos_Fotograf-200x133.jpg 200w, http:\/\/www.martinkoos.de\/blog\/wp-content\/uploads\/2015\/12\/Martin-Koos_Fotograf-30x20.jpg 30w, http:\/\/www.martinkoos.de\/blog\/wp-content\/uploads\/2015\/12\/Martin-Koos_Fotograf-272x182.jpg 272w\" sizes=\"(max-width: 812px) 100vw, 812px\" \/><\/p>\n<p style=\"text-align: center;\">F\u00fcr ein unverbindliches Angebot oder bei Fragen<span style=\"color: #3d697a;\"> <a href=\"http:\/\/www.martinkoos.de\/kontakt\" target=\"_blank\" rel=\"noopener noreferrer\">meldet Euch einfach bei mir!<\/a><\/span><br \/>\nIch w\u00fcrde mich freuen, demn\u00e4chst auch f\u00fcr Euch zu fotografieren.<\/p>\n<p><img loading=\"lazy\" class=\"aligncenter wp-image-2395 size-full\" src=\"http:\/\/www.martinkoos.de\/blog\/wp-content\/uploads\/2015\/09\/Hochzeitsreportage-Potsdam-5.jpg\" alt=\"Hochzeitsfotografie Preise Hochzeitsreportage Berlin\" width=\"1000\" height=\"665\" srcset=\"http:\/\/www.martinkoos.de\/blog\/wp-content\/uploads\/2015\/09\/Hochzeitsreportage-Potsdam-5.jpg 1000w, http:\/\/www.martinkoos.de\/blog\/wp-content\/uploads\/2015\/09\/Hochzeitsreportage-Potsdam-5-200x133.jpg 200w, http:\/\/www.martinkoos.de\/blog\/wp-content\/uploads\/2015\/09\/Hochzeitsreportage-Potsdam-5-845x562.jpg 845w, http:\/\/www.martinkoos.de\/blog\/wp-content\/uploads\/2015\/09\/Hochzeitsreportage-Potsdam-5-30x20.jpg 30w, http:\/\/www.martinkoos.de\/blog\/wp-content\/uploads\/2015\/09\/Hochzeitsreportage-Potsdam-5-272x182.jpg 272w\" sizes=\"(max-width: 1000px) 100vw, 1000px\" \/><\/p>\n<\/div>\n<\/div><\/div><\/div><\/div><div id=\"pg-5277-1\"  class=\"panel-grid panel-has-style\" ><div class=\"no-mobile panel-row-style panel-row-style-for-5277-1\" ><div id=\"pgc-5277-1-0\"  class=\"panel-grid-cell\" ><div id=\"panel-5277-1-0-0\" class=\"so-panel widget widget_sow-headline panel-first-child panel-last-child widgetopts-SO\" data-index=\"1\" ><div class=\"so-widget-sow-headline so-widget-sow-headline-default-1f032888597d\"><div class=\"sow-headline-container \">\n\t\t\t\t\t\t<div class=\"decoration\">\n\t\t\t\t\t\t<div class=\"decoration-inside\"><\/div>\n\t\t\t\t\t<\/div>\n\t\t\t\t\t<\/div><\/div><\/div><\/div><\/div><\/div><div id=\"pg-5277-2\"  class=\"panel-grid panel-no-style\" ><div id=\"pgc-5277-2-0\"  class=\"panel-grid-cell\" ><div id=\"panel-5277-2-0-0\" class=\"so-panel widget widget_sow-image panel-first-child panel-last-child widgetopts-SO\" data-index=\"2\" ><div class=\"so-widget-sow-image panel-widget-style panel-widget-style-for-5277-2-0-0\" ><div class=\"so-widget-sow-image so-widget-sow-image-default-7877d6771435\">\n\n<div class=\"sow-image-container\">\n<a href=\"http:\/\/www.martinkoos.de\/blog\/hochzeitsfotografie-berlin-uckermark\/\" >\t<img src=\"http:\/\/www.martinkoos.de\/blog\/wp-content\/uploads\/2016\/14\/Hochzeitsfotograf Berlin_jf_martinkoos-94.jpg\" width=\"1000\" height=\"668\" srcset=\"http:\/\/www.martinkoos.de\/blog\/wp-content\/uploads\/2016\/14\/Hochzeitsfotograf%20Berlin_jf_martinkoos-94.jpg 1000w, http:\/\/www.martinkoos.de\/blog\/wp-content\/uploads\/2016\/14\/Hochzeitsfotograf%20Berlin_jf_martinkoos-94-200x134.jpg 200w, http:\/\/www.martinkoos.de\/blog\/wp-content\/uploads\/2016\/14\/Hochzeitsfotograf%20Berlin_jf_martinkoos-94-845x564.jpg 845w, http:\/\/www.martinkoos.de\/blog\/wp-content\/uploads\/2016\/14\/Hochzeitsfotograf%20Berlin_jf_martinkoos-94-30x20.jpg 30w, http:\/\/www.martinkoos.de\/blog\/wp-content\/uploads\/2016\/14\/Hochzeitsfotograf%20Berlin_jf_martinkoos-94-272x182.jpg 272w\" sizes=\"(max-width: 1000px) 100vw, 1000px\" title=\"Hochzeitsreportage Uckermark\" alt=\"Hochzeitsfotografie auf Gut Boltenhof\" \t\tclass=\"so-widget-image\"\/>\n<\/a><\/div>\n\n\t<h3 class=\"widget-title\">Hochzeitsreportage Uckermark<\/h3><\/div><\/div><\/div><\/div><div id=\"pgc-5277-2-1\"  class=\"panel-grid-cell\" ><div id=\"panel-5277-2-1-0\" class=\"so-panel widget widget_sow-image panel-first-child panel-last-child widgetopts-SO\" data-index=\"3\" ><div class=\"so-widget-sow-image panel-widget-style panel-widget-style-for-5277-2-1-0\" ><div class=\"so-widget-sow-image so-widget-sow-image-default-7877d6771435\">\n\n<div class=\"sow-image-container\">\n<a href=\"http:\/\/www.martinkoos.de\/blog\/hochzeitsreportage-leipzig\/\" >\t<img src=\"http:\/\/www.martinkoos.de\/blog\/wp-content\/uploads\/2014\/08\/DSC_1270.jpg\" width=\"999\" height=\"665\" srcset=\"http:\/\/www.martinkoos.de\/blog\/wp-content\/uploads\/2014\/08\/DSC_1270.jpg 999w, http:\/\/www.martinkoos.de\/blog\/wp-content\/uploads\/2014\/08\/DSC_1270-200x133.jpg 200w, http:\/\/www.martinkoos.de\/blog\/wp-content\/uploads\/2014\/08\/DSC_1270-845x562.jpg 845w, http:\/\/www.martinkoos.de\/blog\/wp-content\/uploads\/2014\/08\/DSC_1270-30x20.jpg 30w, http:\/\/www.martinkoos.de\/blog\/wp-content\/uploads\/2014\/08\/DSC_1270-272x182.jpg 272w\" sizes=\"(max-width: 999px) 100vw, 999px\" title=\"Hochzeitsreportage Leipzig\" alt=\"Hochzeitsfotograf Leipzig\" \t\tclass=\"so-widget-image\"\/>\n<\/a><\/div>\n\n\t<h3 class=\"widget-title\">Hochzeitsreportage Leipzig<\/h3><\/div><\/div><\/div><\/div><div id=\"pgc-5277-2-2\"  class=\"panel-grid-cell\" ><div id=\"panel-5277-2-2-0\" class=\"so-panel widget widget_sow-image panel-first-child panel-last-child widgetopts-SO\" data-index=\"4\" ><div class=\"so-widget-sow-image panel-widget-style panel-widget-style-for-5277-2-2-0\" ><div class=\"so-widget-sow-image so-widget-sow-image-default-7877d6771435\">\n\n<div class=\"sow-image-container\">\n<a href=\"http:\/\/www.martinkoos.de\/blog\/hochzeit-im-spreewald\/\" >\t<img src=\"http:\/\/www.martinkoos.de\/blog\/wp-content\/uploads\/2017\/06\/hochzeitfotograf-spreewald-146.jpg\" width=\"1200\" height=\"801\" srcset=\"http:\/\/www.martinkoos.de\/blog\/wp-content\/uploads\/2017\/06\/hochzeitfotograf-spreewald-146.jpg 1200w, http:\/\/www.martinkoos.de\/blog\/wp-content\/uploads\/2017\/06\/hochzeitfotograf-spreewald-146-200x134.jpg 200w, http:\/\/www.martinkoos.de\/blog\/wp-content\/uploads\/2017\/06\/hochzeitfotograf-spreewald-146-845x564.jpg 845w, http:\/\/www.martinkoos.de\/blog\/wp-content\/uploads\/2017\/06\/hochzeitfotograf-spreewald-146-30x20.jpg 30w, http:\/\/www.martinkoos.de\/blog\/wp-content\/uploads\/2017\/06\/hochzeitfotograf-spreewald-146-272x182.jpg 272w\" sizes=\"(max-width: 1200px) 100vw, 1200px\" title=\"Hochzeitsreportage Spreewald\" alt=\"Hochzeitsfotograf Berlin\" \t\tclass=\"so-widget-image\"\/>\n<\/a><\/div>\n\n\t<h3 class=\"widget-title\">Hochzeitsreportage Spreewald<\/h3><\/div><\/div><\/div><\/div><\/div><div id=\"pg-5277-3\"  class=\"panel-grid panel-no-style\" ><div id=\"pgc-5277-3-0\"  class=\"panel-grid-cell\" ><div id=\"panel-5277-3-0-0\" class=\"so-panel widget widget_sow-image panel-first-child panel-last-child widgetopts-SO\" data-index=\"5\" ><div class=\"so-widget-sow-image panel-widget-style panel-widget-style-for-5277-3-0-0\" ><div class=\"so-widget-sow-image so-widget-sow-image-default-7877d6771435\">\n\n<div class=\"sow-image-container\">\n<a href=\"http:\/\/www.martinkoos.de\/blog\/hochzeitsreportage-thueringen\/\" >\t<img src=\"http:\/\/www.martinkoos.de\/blog\/wp-content\/uploads\/2016\/05\/DSC_8204.jpg\" width=\"1280\" height=\"854\" srcset=\"http:\/\/www.martinkoos.de\/blog\/wp-content\/uploads\/2016\/05\/DSC_8204.jpg 1280w, http:\/\/www.martinkoos.de\/blog\/wp-content\/uploads\/2016\/05\/DSC_8204-200x133.jpg 200w, http:\/\/www.martinkoos.de\/blog\/wp-content\/uploads\/2016\/05\/DSC_8204-845x564.jpg 845w, http:\/\/www.martinkoos.de\/blog\/wp-content\/uploads\/2016\/05\/DSC_8204-30x20.jpg 30w, http:\/\/www.martinkoos.de\/blog\/wp-content\/uploads\/2016\/05\/DSC_8204-272x182.jpg 272w\" sizes=\"(max-width: 1280px) 100vw, 1280px\" title=\"Hochzeitsreportage Th\u00fcringen\" alt=\"Hochzeitsfotograf in Th\u00fcringen\" \t\tclass=\"so-widget-image\"\/>\n<\/a><\/div>\n\n\t<h3 class=\"widget-title\">Hochzeitsreportage Th\u00fcringen<\/h3><\/div><\/div><\/div><\/div><div id=\"pgc-5277-3-1\"  class=\"panel-grid-cell\" ><div id=\"panel-5277-3-1-0\" class=\"so-panel widget widget_sow-image panel-first-child panel-last-child widgetopts-SO\" data-index=\"6\" ><div class=\"so-widget-sow-image panel-widget-style panel-widget-style-for-5277-3-1-0\" ><div class=\"so-widget-sow-image so-widget-sow-image-default-7877d6771435\">\n\n<div class=\"sow-image-container\">\n<a href=\"http:\/\/www.martinkoos.de\/blog\/hochzeitsreportage-sizilien\/\" >\t<img src=\"http:\/\/www.martinkoos.de\/blog\/wp-content\/uploads\/2017\/05\/hochzeitsfotograf_sizilien-84.jpg\" width=\"1200\" height=\"801\" srcset=\"http:\/\/www.martinkoos.de\/blog\/wp-content\/uploads\/2017\/05\/hochzeitsfotograf_sizilien-84.jpg 1200w, http:\/\/www.martinkoos.de\/blog\/wp-content\/uploads\/2017\/05\/hochzeitsfotograf_sizilien-84-200x134.jpg 200w, http:\/\/www.martinkoos.de\/blog\/wp-content\/uploads\/2017\/05\/hochzeitsfotograf_sizilien-84-845x564.jpg 845w, http:\/\/www.martinkoos.de\/blog\/wp-content\/uploads\/2017\/05\/hochzeitsfotograf_sizilien-84-30x20.jpg 30w, http:\/\/www.martinkoos.de\/blog\/wp-content\/uploads\/2017\/05\/hochzeitsfotograf_sizilien-84-272x182.jpg 272w\" sizes=\"(max-width: 1200px) 100vw, 1200px\" title=\"Hochzeitsreportage in Sizilein\" alt=\"Hochzeitsfotograf Italien\" \t\tclass=\"so-widget-image\"\/>\n<\/a><\/div>\n\n\t<h3 class=\"widget-title\">Hochzeitsreportage in Sizilein<\/h3><\/div><\/div><\/div><\/div><div id=\"pgc-5277-3-2\"  class=\"panel-grid-cell\" ><div id=\"panel-5277-3-2-0\" class=\"so-panel widget widget_sow-image panel-first-child panel-last-child widgetopts-SO\" data-index=\"7\" ><div class=\"so-widget-sow-image panel-widget-style panel-widget-style-for-5277-3-2-0\" ><div class=\"so-widget-sow-image so-widget-sow-image-default-7877d6771435\">\n\n<div class=\"sow-image-container\">\n<a href=\"http:\/\/www.martinkoos.de\/blog\/hochzeitsfotografie-berlin-uckermark\/\" >\t<img src=\"http:\/\/www.martinkoos.de\/blog\/wp-content\/uploads\/2016\/13\/Hochzeitsfotograf Berlin_martinkoos-21.jpg\" width=\"1000\" height=\"668\" srcset=\"http:\/\/www.martinkoos.de\/blog\/wp-content\/uploads\/2016\/13\/Hochzeitsfotograf%20Berlin_martinkoos-21.jpg 1000w, http:\/\/www.martinkoos.de\/blog\/wp-content\/uploads\/2016\/13\/Hochzeitsfotograf%20Berlin_martinkoos-21-200x134.jpg 200w, http:\/\/www.martinkoos.de\/blog\/wp-content\/uploads\/2016\/13\/Hochzeitsfotograf%20Berlin_martinkoos-21-845x564.jpg 845w, http:\/\/www.martinkoos.de\/blog\/wp-content\/uploads\/2016\/13\/Hochzeitsfotograf%20Berlin_martinkoos-21-30x20.jpg 30w, http:\/\/www.martinkoos.de\/blog\/wp-content\/uploads\/2016\/13\/Hochzeitsfotograf%20Berlin_martinkoos-21-272x182.jpg 272w\" sizes=\"(max-width: 1000px) 100vw, 1000px\" title=\"Hochzeitsfotografie Berlin\" alt=\"Hochzeitsfotografie auf Gut Boltenhof\" \t\tclass=\"so-widget-image\"\/>\n<\/a><\/div>\n\n\t<h3 class=\"widget-title\">Hochzeitsfotografie Berlin<\/h3><\/div><\/div><\/div><\/div><\/div><div id=\"pg-5277-4\"  class=\"panel-grid panel-no-style\" ><div id=\"pgc-5277-4-0\"  class=\"panel-grid-cell\" ><div id=\"panel-5277-4-0-0\" class=\"so-panel widget widget_sow-headline panel-first-child panel-last-child widgetopts-SO\" data-index=\"8\" ><div class=\"so-widget-sow-headline so-widget-sow-headline-default-86354344b241\"><div class=\"sow-headline-container \">\n\t\t\t\t\t\t<div class=\"decoration\">\n\t\t\t\t\t\t<div class=\"decoration-inside\"><\/div>\n\t\t\t\t\t<\/div>\n\t\t\t\t\t<\/div><\/div><\/div><\/div><\/div><\/div>","protected":false},"excerpt":{"rendered":"<p>Hochzeitsfotografie und Hochzeitsreportage | F\u00fcr Eure Hochzeit Hochzeitsfotografie f\u00fcr Berlin, Brandenburg und deutschlandweit! Termine f\u00fcr 2021 und 2022 &#8211; einfach anfragen unter: mail@martinkoos de Kompakt bis 2 Stunden (in Berlin und Umgebung) 459 \u20ac Halbtags bis zu 5 Stunden 799 \u20ac Ganztags bis zu 10 Stunden 1499 \u20ac Jede weitere Stunde (10h+) 149 \u20ac Im [&hellip;]<\/p>\n","protected":false},"author":1,"featured_media":1603,"parent":0,"menu_order":0,"comment_status":"closed","ping_status":"closed","template":"","meta":{"spay_email":""},"yoast_head":"<!-- This site is optimized with the Yoast SEO plugin v15.6.2 - https:\/\/yoast.com\/wordpress\/plugins\/seo\/ -->\n<title>Leistungen und Preise &#8902; Martin Koos Fotografie<\/title>\n<meta name=\"description\" content=\"Hochzeitsfotograf Berlin. Hochzeitsfotografie und Hochzeitsreportgen.\" \/>\n<meta name=\"robots\" content=\"index, follow, max-snippet:-1, max-image-preview:large, max-video-preview:-1\" \/>\n<link rel=\"canonical\" href=\"http:\/\/www.martinkoos.de\/blog\/hochzeitsfotografie-preise-2\/\" \/>\n<meta property=\"og:locale\" content=\"de_DE\" \/>\n<meta property=\"og:type\" content=\"article\" \/>\n<meta property=\"og:title\" content=\"Leistungen und Preise &#8902; Martin Koos Fotografie\" \/>\n<meta property=\"og:description\" content=\"Hochzeitsfotograf Berlin. Hochzeitsfotografie und Hochzeitsreportgen.\" \/>\n<meta property=\"og:url\" content=\"http:\/\/www.martinkoos.de\/blog\/hochzeitsfotografie-preise-2\/\" \/>\n<meta property=\"og:site_name\" content=\"Martin Koos Fotografie\" \/>\n<meta property=\"article:modified_time\" content=\"2021-01-19T15:33:18+00:00\" \/>\n<meta property=\"og:image\" content=\"http:\/\/www.martinkoos.de\/blog\/wp-content\/uploads\/2014\/08\/DSC_1270.jpg\" \/>\n\t<meta property=\"og:image:width\" content=\"999\" \/>\n\t<meta property=\"og:image:height\" content=\"665\" \/>\n<meta name=\"twitter:card\" content=\"summary\" \/>\n<meta name=\"twitter:label1\" content=\"Gesch\u00e4tzte Lesezeit\">\n\t<meta name=\"twitter:data1\" content=\"3\u00a0Minuten\">\n<script type=\"application\/ld+json\" class=\"yoast-schema-graph\">{\"@context\":\"https:\/\/schema.org\",\"@graph\":[{\"@type\":\"WebSite\",\"@id\":\"http:\/\/www.martinkoos.de\/blog\/#website\",\"url\":\"http:\/\/www.martinkoos.de\/blog\/\",\"name\":\"Martin Koos Fotografie\",\"description\":\":: Fotografie aus Berlin ::\",\"potentialAction\":[{\"@type\":\"SearchAction\",\"target\":\"http:\/\/www.martinkoos.de\/blog\/?s={search_term_string}\",\"query-input\":\"required name=search_term_string\"}],\"inLanguage\":\"de\"},{\"@type\":\"ImageObject\",\"@id\":\"http:\/\/www.martinkoos.de\/blog\/hochzeitsfotografie-preise-2\/#primaryimage\",\"inLanguage\":\"de\",\"url\":\"http:\/\/www.martinkoos.de\/blog\/wp-content\/uploads\/2014\/08\/DSC_1270.jpg\",\"width\":999,\"height\":665,\"caption\":\"Hochzeitsfotografie Preise Hochzeitsreportage\"},{\"@type\":\"WebPage\",\"@id\":\"http:\/\/www.martinkoos.de\/blog\/hochzeitsfotografie-preise-2\/#webpage\",\"url\":\"http:\/\/www.martinkoos.de\/blog\/hochzeitsfotografie-preise-2\/\",\"name\":\"Leistungen und Preise &#8902; Martin Koos Fotografie\",\"isPartOf\":{\"@id\":\"http:\/\/www.martinkoos.de\/blog\/#website\"},\"primaryImageOfPage\":{\"@id\":\"http:\/\/www.martinkoos.de\/blog\/hochzeitsfotografie-preise-2\/#primaryimage\"},\"datePublished\":\"2021-01-15T14:50:31+00:00\",\"dateModified\":\"2021-01-19T15:33:18+00:00\",\"description\":\"Hochzeitsfotograf Berlin. Hochzeitsfotografie und Hochzeitsreportgen.\",\"inLanguage\":\"de\",\"potentialAction\":[{\"@type\":\"ReadAction\",\"target\":[\"http:\/\/www.martinkoos.de\/blog\/hochzeitsfotografie-preise-2\/\"]}]}]}<\/script>\n<!-- \/ Yoast SEO plugin. -->","_links":{"self":[{"href":"http:\/\/www.martinkoos.de\/blog\/wp-json\/wp\/v2\/pages\/5277"}],"collection":[{"href":"http:\/\/www.martinkoos.de\/blog\/wp-json\/wp\/v2\/pages"}],"about":[{"href":"http:\/\/www.martinkoos.de\/blog\/wp-json\/wp\/v2\/types\/page"}],"author":[{"embeddable":true,"href":"http:\/\/www.martinkoos.de\/blog\/wp-json\/wp\/v2\/users\/1"}],"replies":[{"embeddable":true,"href":"http:\/\/www.martinkoos.de\/blog\/wp-json\/wp\/v2\/comments?post=5277"}],"version-history":[{"count":23,"href":"http:\/\/www.martinkoos.de\/blog\/wp-json\/wp\/v2\/pages\/5277\/revisions"}],"predecessor-version":[{"id":5428,"href":"http:\/\/www.martinkoos.de\/blog\/wp-json\/wp\/v2\/pages\/5277\/revisions\/5428"}],"wp:featuredmedia":[{"embeddable":true,"href":"http:\/\/www.martinkoos.de\/blog\/wp-json\/wp\/v2\/media\/1603"}],"wp:attachment":[{"href":"http:\/\/www.martinkoos.de\/blog\/wp-json\/wp\/v2\/media?parent=5277"}],"curies":[{"name":"wp","href":"https:\/\/api.w.org\/{rel}","templated":true}]}}