{"id":3754,"date":"2016-12-22T01:59:30","date_gmt":"2016-12-21T23:59:30","guid":{"rendered":"http:\/\/www.martinkoos.de\/blog\/?page_id=3754"},"modified":"2019-04-23T09:46:52","modified_gmt":"2019-04-23T07:46:52","slug":"portraitfotografieberlin","status":"publish","type":"page","link":"http:\/\/www.martinkoos.de\/blog\/portraitfotografieberlin\/","title":{"rendered":"Portr\u00e4tfotografie und Dokumentation Fotoreportage"},"content":{"rendered":"<div id=\"pl-3754\"  class=\"panel-layout\" ><div id=\"pg-3754-0\"  class=\"panel-grid panel-no-style\" ><div id=\"pgc-3754-0-0\"  class=\"panel-grid-cell\" ><div id=\"panel-3754-0-0-0\" class=\"so-panel widget widget_sow-image panel-first-child panel-last-child widgetopts-SO\" data-index=\"0\" ><div class=\"so-widget-sow-image panel-widget-style panel-widget-style-for-3754-0-0-0\" ><div class=\"so-widget-sow-image so-widget-sow-image-default-7877d6771435\">\n\n<div class=\"sow-image-container\">\n<a href=\"http:\/\/www.martinkoos.de\/blog\/portraitfotografie-berlin\/\" >\t<img src=\"http:\/\/www.martinkoos.de\/blog\/wp-content\/uploads\/2017\/Eva-Maria\/Eva Maria Weiss Print-12.jpg\" width=\"1333\" height=\"1000\" srcset=\"http:\/\/www.martinkoos.de\/blog\/wp-content\/uploads\/2017\/Eva-Maria\/Eva%20Maria%20Weiss%20Print-12.jpg 1333w, http:\/\/www.martinkoos.de\/blog\/wp-content\/uploads\/2017\/Eva-Maria\/Eva%20Maria%20Weiss%20Print-12-200x150.jpg 200w, http:\/\/www.martinkoos.de\/blog\/wp-content\/uploads\/2017\/Eva-Maria\/Eva%20Maria%20Weiss%20Print-12-845x634.jpg 845w, http:\/\/www.martinkoos.de\/blog\/wp-content\/uploads\/2017\/Eva-Maria\/Eva%20Maria%20Weiss%20Print-12-30x23.jpg 30w\" sizes=\"(max-width: 1333px) 100vw, 1333px\" title=\"Portr\u00e4t\" alt=\"Wind Fotografie\" \t\tclass=\"so-widget-image\"\/>\n<\/a><\/div>\n\n\t<h3 class=\"widget-title\">Portr\u00e4t<\/h3><\/div><\/div><\/div><\/div><div id=\"pgc-3754-0-1\"  class=\"panel-grid-cell\" ><div id=\"panel-3754-0-1-0\" class=\"so-panel widget widget_sow-image panel-first-child panel-last-child widgetopts-SO\" data-index=\"1\" ><div class=\"so-widget-sow-image panel-widget-style panel-widget-style-for-3754-0-1-0\" ><div class=\"so-widget-sow-image so-widget-sow-image-default-7877d6771435\">\n\n<div class=\"sow-image-container\">\n<a href=\"http:\/\/www.martinkoos.de\/blog\/istanbul\/\" >\t<img src=\"http:\/\/www.martinkoos.de\/blog\/wp-content\/uploads\/2015\/04\/DSC_2250.jpg\" width=\"667\" height=\"1000\" srcset=\"http:\/\/www.martinkoos.de\/blog\/wp-content\/uploads\/2015\/04\/DSC_2250.jpg 667w, http:\/\/www.martinkoos.de\/blog\/wp-content\/uploads\/2015\/04\/DSC_2250-133x200.jpg 133w, http:\/\/www.martinkoos.de\/blog\/wp-content\/uploads\/2015\/04\/DSC_2250-200x300.jpg 200w, http:\/\/www.martinkoos.de\/blog\/wp-content\/uploads\/2015\/04\/DSC_2250-20x30.jpg 20w\" sizes=\"(max-width: 667px) 100vw, 667px\" title=\"Istanbul (Fotoreportage)\" alt=\"Istanbul\" \t\tclass=\"so-widget-image\"\/>\n<\/a><\/div>\n\n\t<h3 class=\"widget-title\">Istanbul (Fotoreportage)<\/h3><\/div><\/div><\/div><\/div><\/div><div id=\"pg-3754-1\"  class=\"panel-grid panel-no-style\" ><div id=\"pgc-3754-1-0\"  class=\"panel-grid-cell\" ><div id=\"panel-3754-1-0-0\" class=\"so-panel widget widget_sow-image panel-first-child widgetopts-SO\" data-index=\"2\" ><div class=\"so-widget-sow-image panel-widget-style panel-widget-style-for-3754-1-0-0\" ><div class=\"so-widget-sow-image so-widget-sow-image-default-7877d6771435\">\n\n<div class=\"sow-image-container\">\n<a href=\"http:\/\/www.martinkoos.de\/blog\/berlin-sinfonie\" >\t<img src=\"http:\/\/www.martinkoos.de\/blog\/wp-content\/uploads\/2017\/Berlin Sinfonie\/berlin sinfonie (2).jpg\" width=\"1000\" height=\"750\" srcset=\"http:\/\/www.martinkoos.de\/blog\/wp-content\/uploads\/2017\/Berlin%20Sinfonie\/berlin%20sinfonie%20(2).jpg 1000w, http:\/\/www.martinkoos.de\/blog\/wp-content\/uploads\/2017\/Berlin%20Sinfonie\/berlin%20sinfonie%20(2)-200x150.jpg 200w, http:\/\/www.martinkoos.de\/blog\/wp-content\/uploads\/2017\/Berlin%20Sinfonie\/berlin%20sinfonie%20(2)-845x634.jpg 845w, http:\/\/www.martinkoos.de\/blog\/wp-content\/uploads\/2017\/Berlin%20Sinfonie\/berlin%20sinfonie%20(2)-30x23.jpg 30w\" sizes=\"(max-width: 1000px) 100vw, 1000px\" title=\"Berlin Sinfonie (Ausstellung)\" alt=\"Fineart prints\" \t\tclass=\"so-widget-image\"\/>\n<\/a><\/div>\n\n\t<h3 class=\"widget-title\">Berlin Sinfonie (Ausstellung)<\/h3><\/div><\/div><\/div><div id=\"panel-3754-1-0-1\" class=\"so-panel widget widget_sow-image widgetopts-SO\" data-index=\"3\" ><div class=\"so-widget-sow-image panel-widget-style panel-widget-style-for-3754-1-0-1\" ><div class=\"so-widget-sow-image so-widget-sow-image-default-7877d6771435\">\n\n<div class=\"sow-image-container\">\n<a href=\"http:\/\/www.martinkoos.de\/blog\/ok-oktober\" >\t<img src=\"http:\/\/www.martinkoos.de\/blog\/wp-content\/uploads\/2014\/10\/DSC_3229.jpg\" width=\"750\" height=\"1000\" srcset=\"http:\/\/www.martinkoos.de\/blog\/wp-content\/uploads\/2014\/10\/DSC_3229.jpg 750w, http:\/\/www.martinkoos.de\/blog\/wp-content\/uploads\/2014\/10\/DSC_3229-150x200.jpg 150w, http:\/\/www.martinkoos.de\/blog\/wp-content\/uploads\/2014\/10\/DSC_3229-200x267.jpg 200w, http:\/\/www.martinkoos.de\/blog\/wp-content\/uploads\/2014\/10\/DSC_3229-23x30.jpg 23w\" sizes=\"(max-width: 750px) 100vw, 750px\" title=\"OK Oktober (Einzelfoto)\" alt=\"Stadtfotografie\" \t\tclass=\"so-widget-image\"\/>\n<\/a><\/div>\n\n\t<h3 class=\"widget-title\">OK Oktober (Einzelfoto)<\/h3><\/div><\/div><\/div><div id=\"panel-3754-1-0-2\" class=\"so-panel widget widget_sow-image widgetopts-SO\" data-index=\"4\" ><div class=\"so-widget-sow-image panel-widget-style panel-widget-style-for-3754-1-0-2\" ><div class=\"so-widget-sow-image so-widget-sow-image-default-7877d6771435\">\n\n<div class=\"sow-image-container\">\n<a href=\"http:\/\/www.martinkoos.de\/blog\/wm-2014\/\" >\t<img src=\"http:\/\/www.martinkoos.de\/blog\/wp-content\/uploads\/2014\/06\/DSC_1719.jpg\" width=\"1000\" height=\"750\" srcset=\"http:\/\/www.martinkoos.de\/blog\/wp-content\/uploads\/2014\/06\/DSC_1719.jpg 1000w, http:\/\/www.martinkoos.de\/blog\/wp-content\/uploads\/2014\/06\/DSC_1719-200x150.jpg 200w, http:\/\/www.martinkoos.de\/blog\/wp-content\/uploads\/2014\/06\/DSC_1719-845x634.jpg 845w, http:\/\/www.martinkoos.de\/blog\/wp-content\/uploads\/2014\/06\/DSC_1719-30x23.jpg 30w\" sizes=\"(max-width: 1000px) 100vw, 1000px\" title=\"\u00dcber Sch\u00fcsse f\u00fcr den deutschen Konsum (Fotoserie)\" alt=\"Reportage Fussball WM 2014\" \t\tclass=\"so-widget-image\"\/>\n<\/a><\/div>\n\n\t<h3 class=\"widget-title\">\u00dcber Sch\u00fcsse f\u00fcr den deutschen Konsum (Fotoserie)<\/h3><\/div><\/div><\/div><div id=\"panel-3754-1-0-3\" class=\"so-panel widget widget_sow-image widgetopts-SO\" data-index=\"5\" ><div class=\"so-widget-sow-image panel-widget-style panel-widget-style-for-3754-1-0-3\" ><div class=\"so-widget-sow-image so-widget-sow-image-default-7877d6771435\">\n\n<div class=\"sow-image-container\">\n<a href=\"http:\/\/www.martinkoos.de\/blog\/ensemble\/\" >\t<img src=\"http:\/\/www.martinkoos.de\/blog\/wp-content\/uploads\/2015\/10\/DSC_0496.jpg\" width=\"668\" height=\"1000\" srcset=\"http:\/\/www.martinkoos.de\/blog\/wp-content\/uploads\/2015\/10\/DSC_0496.jpg 668w, http:\/\/www.martinkoos.de\/blog\/wp-content\/uploads\/2015\/10\/DSC_0496-134x200.jpg 134w, http:\/\/www.martinkoos.de\/blog\/wp-content\/uploads\/2015\/10\/DSC_0496-200x299.jpg 200w, http:\/\/www.martinkoos.de\/blog\/wp-content\/uploads\/2015\/10\/DSC_0496-20x30.jpg 20w\" sizes=\"(max-width: 668px) 100vw, 668px\" title=\"Ensemble (Fotoserie)\" alt=\"Blume\" \t\tclass=\"so-widget-image\"\/>\n<\/a><\/div>\n\n\t<h3 class=\"widget-title\">Ensemble (Fotoserie)<\/h3><\/div><\/div><\/div><div id=\"panel-3754-1-0-4\" class=\"so-panel widget widget_sow-image widgetopts-SO\" data-index=\"6\" ><div class=\"so-widget-sow-image panel-widget-style panel-widget-style-for-3754-1-0-4\" ><div class=\"so-widget-sow-image so-widget-sow-image-default-7877d6771435\">\n\n<div class=\"sow-image-container\">\n<a href=\"http:\/\/www.martinkoos.de\/blog\/lebensabschnittsfaehrten\/\" >\t<img src=\"http:\/\/www.martinkoos.de\/blog\/wp-content\/uploads\/2014\/07\/photocasezzcck22cmxw6.jpg\" width=\"1011\" height=\"1516\" srcset=\"http:\/\/www.martinkoos.de\/blog\/wp-content\/uploads\/2014\/07\/photocasezzcck22cmxw6.jpg 1011w, http:\/\/www.martinkoos.de\/blog\/wp-content\/uploads\/2014\/07\/photocasezzcck22cmxw6-133x200.jpg 133w, http:\/\/www.martinkoos.de\/blog\/wp-content\/uploads\/2014\/07\/photocasezzcck22cmxw6-200x300.jpg 200w, http:\/\/www.martinkoos.de\/blog\/wp-content\/uploads\/2014\/07\/photocasezzcck22cmxw6-683x1024.jpg 683w, http:\/\/www.martinkoos.de\/blog\/wp-content\/uploads\/2014\/07\/photocasezzcck22cmxw6-20x30.jpg 20w\" sizes=\"(max-width: 1011px) 100vw, 1011px\" title=\"Lebensabschnittsf\u00e4hrten (Einzelfoto)\" alt=\"Rosen \u00fcberfahren\" \t\tclass=\"so-widget-image\"\/>\n<\/a><\/div>\n\n\t<h3 class=\"widget-title\">Lebensabschnittsf\u00e4hrten (Einzelfoto)<\/h3><\/div><\/div><\/div><div id=\"panel-3754-1-0-5\" class=\"so-panel widget widget_sow-image widgetopts-SO\" data-index=\"7\" ><div class=\"so-widget-sow-image panel-widget-style panel-widget-style-for-3754-1-0-5\" ><div class=\"so-widget-sow-image so-widget-sow-image-default-7877d6771435\">\n\n<div class=\"sow-image-container\">\n<a href=\"http:\/\/www.martinkoos.de\/blog\/sightunseeing-berlin\/\" >\t<img src=\"http:\/\/www.martinkoos.de\/blog\/wp-content\/uploads\/2014\/03\/DSC_0025-2.jpg\" width=\"800\" height=\"533\" srcset=\"http:\/\/www.martinkoos.de\/blog\/wp-content\/uploads\/2014\/03\/DSC_0025-2.jpg 800w, http:\/\/www.martinkoos.de\/blog\/wp-content\/uploads\/2014\/03\/DSC_0025-2-200x133.jpg 200w, http:\/\/www.martinkoos.de\/blog\/wp-content\/uploads\/2014\/03\/DSC_0025-2-30x20.jpg 30w, http:\/\/www.martinkoos.de\/blog\/wp-content\/uploads\/2014\/03\/DSC_0025-2-272x182.jpg 272w\" sizes=\"(max-width: 800px) 100vw, 800px\" title=\"Sightunseeing Berlin\" alt=\"dusty sightseeing\" \t\tclass=\"so-widget-image\"\/>\n<\/a><\/div>\n\n\t<h3 class=\"widget-title\">Sightunseeing Berlin<\/h3><\/div><\/div><\/div><div id=\"panel-3754-1-0-6\" class=\"so-panel widget widget_sow-image panel-last-child widgetopts-SO\" data-index=\"8\" ><div class=\"so-widget-sow-image panel-widget-style panel-widget-style-for-3754-1-0-6\" ><div class=\"so-widget-sow-image so-widget-sow-image-default-7877d6771435\">\n\n<div class=\"sow-image-container\">\n<a href=\"http:\/\/www.martinkoos.de\/blog\/ich-sehe-wind\/\" >\t<img src=\"http:\/\/www.martinkoos.de\/blog\/wp-content\/uploads\/2015\/11\/Wind-sehen-11.jpg\" width=\"1200\" height=\"801\" srcset=\"http:\/\/www.martinkoos.de\/blog\/wp-content\/uploads\/2015\/11\/Wind-sehen-11.jpg 1200w, http:\/\/www.martinkoos.de\/blog\/wp-content\/uploads\/2015\/11\/Wind-sehen-11-200x134.jpg 200w, http:\/\/www.martinkoos.de\/blog\/wp-content\/uploads\/2015\/11\/Wind-sehen-11-845x564.jpg 845w, http:\/\/www.martinkoos.de\/blog\/wp-content\/uploads\/2015\/11\/Wind-sehen-11-30x20.jpg 30w, http:\/\/www.martinkoos.de\/blog\/wp-content\/uploads\/2015\/11\/Wind-sehen-11-272x182.jpg 272w\" sizes=\"(max-width: 1200px) 100vw, 1200px\" title=\"Ich sehe Wind, ich sehe sehr viel Wind (Fotoserie)\" alt=\"Wind Fotografie\" \t\tclass=\"so-widget-image\"\/>\n<\/a><\/div>\n\n\t<h3 class=\"widget-title\">Ich sehe Wind, ich sehe sehr viel Wind (Fotoserie)<\/h3><\/div><\/div><\/div><\/div><div id=\"pgc-3754-1-1\"  class=\"panel-grid-cell\" ><div id=\"panel-3754-1-1-0\" class=\"so-panel widget widget_sow-image panel-first-child widgetopts-SO\" data-index=\"9\" ><div class=\"so-widget-sow-image so-widget-sow-image-default-d6014b76747a\">\n\n<div class=\"sow-image-container\">\n<a href=\"http:\/\/www.martinkoos.de\/blog\/couple-dance\/\" >\t<img src=\"http:\/\/www.martinkoos.de\/blog\/wp-content\/uploads\/2018\/02\/dance_martinkoos-2.jpg\" width=\"1200\" height=\"1797\" srcset=\"http:\/\/www.martinkoos.de\/blog\/wp-content\/uploads\/2018\/02\/dance_martinkoos-2.jpg 1200w, http:\/\/www.martinkoos.de\/blog\/wp-content\/uploads\/2018\/02\/dance_martinkoos-2-134x200.jpg 134w, http:\/\/www.martinkoos.de\/blog\/wp-content\/uploads\/2018\/02\/dance_martinkoos-2-200x300.jpg 200w, http:\/\/www.martinkoos.de\/blog\/wp-content\/uploads\/2018\/02\/dance_martinkoos-2-684x1024.jpg 684w\" sizes=\"(max-width: 1200px) 100vw, 1200px\" title=\"Tanz\" alt=\"dance performance\" \t\tclass=\"so-widget-image\"\/>\n<\/a><\/div>\n\n\t<h3 class=\"widget-title\">Tanz<\/h3><\/div><\/div><div id=\"panel-3754-1-1-1\" class=\"so-panel widget widget_sow-image widgetopts-SO\" data-index=\"10\" ><div class=\"so-widget-sow-image so-widget-sow-image-default-d6014b76747a\">\n\n<div class=\"sow-image-container\">\n<a href=\"http:\/\/www.martinkoos.de\/blog\/wld\/\" >\t<img src=\"http:\/\/www.martinkoos.de\/blog\/wp-content\/uploads\/2017\/05\/wald-erzgebirge2.jpg\" width=\"801\" height=\"1200\" srcset=\"http:\/\/www.martinkoos.de\/blog\/wp-content\/uploads\/2017\/05\/wald-erzgebirge2.jpg 801w, http:\/\/www.martinkoos.de\/blog\/wp-content\/uploads\/2017\/05\/wald-erzgebirge2-134x200.jpg 134w, http:\/\/www.martinkoos.de\/blog\/wp-content\/uploads\/2017\/05\/wald-erzgebirge2-200x300.jpg 200w, http:\/\/www.martinkoos.de\/blog\/wp-content\/uploads\/2017\/05\/wald-erzgebirge2-684x1024.jpg 684w, http:\/\/www.martinkoos.de\/blog\/wp-content\/uploads\/2017\/05\/wald-erzgebirge2-800x1200.jpg 800w, http:\/\/www.martinkoos.de\/blog\/wp-content\/uploads\/2017\/05\/wald-erzgebirge2-20x30.jpg 20w\" sizes=\"(max-width: 801px) 100vw, 801px\" title=\"w:ld\" alt=\"\" \t\tclass=\"so-widget-image\"\/>\n<\/a><\/div>\n\n\t<h3 class=\"widget-title\">w:ld<\/h3><\/div><\/div><div id=\"panel-3754-1-1-2\" class=\"so-panel widget widget_sow-image widgetopts-SO\" data-index=\"11\" ><div class=\"so-widget-sow-image panel-widget-style panel-widget-style-for-3754-1-1-2\" ><div class=\"so-widget-sow-image so-widget-sow-image-default-7877d6771435\">\n\n<div class=\"sow-image-container\">\n<a href=\"http:\/\/www.martinkoos.de\/blog\/ausflug\/\" >\t<img src=\"http:\/\/www.martinkoos.de\/blog\/wp-content\/uploads\/2015\/01\/DSC_1054.jpg\" width=\"2000\" height=\"1335\" srcset=\"http:\/\/www.martinkoos.de\/blog\/wp-content\/uploads\/2015\/01\/DSC_1054.jpg 2000w, http:\/\/www.martinkoos.de\/blog\/wp-content\/uploads\/2015\/01\/DSC_1054-200x134.jpg 200w, http:\/\/www.martinkoos.de\/blog\/wp-content\/uploads\/2015\/01\/DSC_1054-845x564.jpg 845w, http:\/\/www.martinkoos.de\/blog\/wp-content\/uploads\/2015\/01\/DSC_1054-30x20.jpg 30w, http:\/\/www.martinkoos.de\/blog\/wp-content\/uploads\/2015\/01\/DSC_1054-272x182.jpg 272w\" sizes=\"(max-width: 2000px) 100vw, 2000px\" title=\"Ausflug (Einzelfoto)\" alt=\"L\u00fcneburger Heide Ausflug\" \t\tclass=\"so-widget-image\"\/>\n<\/a><\/div>\n\n\t<h3 class=\"widget-title\">Ausflug (Einzelfoto)<\/h3><\/div><\/div><\/div><div id=\"panel-3754-1-1-3\" class=\"so-panel widget widget_sow-image widgetopts-SO\" data-index=\"12\" ><div class=\"so-widget-sow-image panel-widget-style panel-widget-style-for-3754-1-1-3\" ><div class=\"so-widget-sow-image so-widget-sow-image-default-7877d6771435\">\n\n<div class=\"sow-image-container\">\n<a href=\"http:\/\/www.martinkoos.de\/blog\/stufen\/\" >\t<img src=\"http:\/\/www.martinkoos.de\/blog\/wp-content\/uploads\/2014\/11\/DSC_4428.jpg\" width=\"667\" height=\"1000\" srcset=\"http:\/\/www.martinkoos.de\/blog\/wp-content\/uploads\/2014\/11\/DSC_4428.jpg 667w, http:\/\/www.martinkoos.de\/blog\/wp-content\/uploads\/2014\/11\/DSC_4428-133x200.jpg 133w, http:\/\/www.martinkoos.de\/blog\/wp-content\/uploads\/2014\/11\/DSC_4428-200x300.jpg 200w, http:\/\/www.martinkoos.de\/blog\/wp-content\/uploads\/2014\/11\/DSC_4428-20x30.jpg 20w\" sizes=\"(max-width: 667px) 100vw, 667px\" title=\"Stufen (Einzelfoto)\" alt=\"Treppe\" \t\tclass=\"so-widget-image\"\/>\n<\/a><\/div>\n\n\t<h3 class=\"widget-title\">Stufen (Einzelfoto)<\/h3><\/div><\/div><\/div><div id=\"panel-3754-1-1-4\" class=\"so-panel widget widget_sow-image panel-last-child widgetopts-SO\" data-index=\"13\" ><div class=\"so-widget-sow-image panel-widget-style panel-widget-style-for-3754-1-1-4\" ><div class=\"so-widget-sow-image so-widget-sow-image-default-7877d6771435\">\n\n<div class=\"sow-image-container\">\n<a href=\"http:\/\/www.martinkoos.de\/blog\/september\/\" >\t<img src=\"http:\/\/www.martinkoos.de\/blog\/wp-content\/uploads\/2015\/09\/DSC_0275.jpg\" width=\"668\" height=\"1000\" srcset=\"http:\/\/www.martinkoos.de\/blog\/wp-content\/uploads\/2015\/09\/DSC_0275.jpg 668w, http:\/\/www.martinkoos.de\/blog\/wp-content\/uploads\/2015\/09\/DSC_0275-134x200.jpg 134w, http:\/\/www.martinkoos.de\/blog\/wp-content\/uploads\/2015\/09\/DSC_0275-200x299.jpg 200w, http:\/\/www.martinkoos.de\/blog\/wp-content\/uploads\/2015\/09\/DSC_0275-20x30.jpg 20w\" sizes=\"(max-width: 668px) 100vw, 668px\" title=\"September (Einzelfoto)\" alt=\"Herbstbild\" \t\tclass=\"so-widget-image\"\/>\n<\/a><\/div>\n\n\t<h3 class=\"widget-title\">September (Einzelfoto)<\/h3><\/div><\/div><\/div><\/div><\/div><div id=\"pg-3754-2\"  class=\"panel-grid panel-no-style\" ><div id=\"pgc-3754-2-0\"  class=\"panel-grid-cell panel-grid-cell-empty\" ><\/div><div id=\"pgc-3754-2-1\"  class=\"panel-grid-cell panel-grid-cell-empty panel-grid-cell-mobile-last\" ><\/div><div id=\"pgc-3754-2-2\"  class=\"panel-grid-cell panel-grid-cell-empty\" ><\/div><\/div><div id=\"pg-3754-3\"  class=\"panel-grid panel-no-style\" ><div id=\"pgc-3754-3-0\"  class=\"panel-grid-cell panel-grid-cell-empty\" ><\/div><div id=\"pgc-3754-3-1\"  class=\"panel-grid-cell panel-grid-cell-empty panel-grid-cell-mobile-last\" ><\/div><div id=\"pgc-3754-3-2\"  class=\"panel-grid-cell panel-grid-cell-empty\" ><\/div><\/div><div id=\"pg-3754-4\"  class=\"panel-grid panel-no-style\" ><div id=\"pgc-3754-4-0\"  class=\"panel-grid-cell panel-grid-cell-empty\" ><\/div><\/div><div id=\"pg-3754-5\"  class=\"panel-grid panel-no-style\" ><div id=\"pgc-3754-5-0\"  class=\"panel-grid-cell panel-grid-cell-empty panel-grid-cell-mobile-last\" ><\/div><div id=\"pgc-3754-5-1\"  class=\"panel-grid-cell panel-grid-cell-empty\" ><\/div><\/div><\/div>","protected":false},"excerpt":{"rendered":"<p>Portr\u00e4t Istanbul (Fotoreportage) Berlin Sinfonie (Ausstellung) OK Oktober (Einzelfoto) \u00dcber Sch\u00fcsse f\u00fcr den deutschen Konsum (Fotoserie) Ensemble (Fotoserie) Lebensabschnittsf\u00e4hrten (Einzelfoto) Sightunseeing Berlin Ich sehe Wind, ich sehe sehr viel Wind (Fotoserie) Tanz w:ld Ausflug (Einzelfoto) Stufen (Einzelfoto) September (Einzelfoto)<\/p>\n","protected":false},"author":1,"featured_media":0,"parent":0,"menu_order":0,"comment_status":"closed","ping_status":"closed","template":"","meta":{"spay_email":""},"yoast_head":"<!-- This site is optimized with the Yoast SEO plugin v15.6.2 - https:\/\/yoast.com\/wordpress\/plugins\/seo\/ -->\n<title>Portr\u00e4tfotografie und Dokumentation Fotoreportage &#8902; Martin Koos Fotografie<\/title>\n<meta name=\"description\" content=\"Martin Koos Portr\u00e4tfotografie, Fotodokumentationen, Fotoreportagen. Auf dieser Seite alles, was nicht ins kommerzielle Schema passt.\" \/>\n<meta name=\"robots\" content=\"index, follow, max-snippet:-1, max-image-preview:large, max-video-preview:-1\" \/>\n<link rel=\"canonical\" href=\"http:\/\/www.martinkoos.de\/blog\/portraitfotografieberlin\/\" \/>\n<meta property=\"og:locale\" content=\"de_DE\" \/>\n<meta property=\"og:type\" content=\"article\" \/>\n<meta property=\"og:title\" content=\"Portr\u00e4tfotografie und Dokumentation Fotoreportage &#8902; Martin Koos Fotografie\" \/>\n<meta property=\"og:description\" content=\"Martin Koos Portr\u00e4tfotografie, Fotodokumentationen, Fotoreportagen. Auf dieser Seite alles, was nicht ins kommerzielle Schema passt.\" \/>\n<meta property=\"og:url\" content=\"http:\/\/www.martinkoos.de\/blog\/portraitfotografieberlin\/\" \/>\n<meta property=\"og:site_name\" content=\"Martin Koos Fotografie\" \/>\n<meta property=\"article:modified_time\" content=\"2019-04-23T07:46:52+00:00\" \/>\n<meta name=\"twitter:card\" content=\"summary\" \/>\n<meta name=\"twitter:label1\" content=\"Gesch\u00e4tzte Lesezeit\">\n\t<meta name=\"twitter:data1\" content=\"1\u00a0Minute\">\n<script type=\"application\/ld+json\" class=\"yoast-schema-graph\">{\"@context\":\"https:\/\/schema.org\",\"@graph\":[{\"@type\":\"WebSite\",\"@id\":\"http:\/\/www.martinkoos.de\/blog\/#website\",\"url\":\"http:\/\/www.martinkoos.de\/blog\/\",\"name\":\"Martin Koos Fotografie\",\"description\":\":: Fotografie aus Berlin ::\",\"potentialAction\":[{\"@type\":\"SearchAction\",\"target\":\"http:\/\/www.martinkoos.de\/blog\/?s={search_term_string}\",\"query-input\":\"required name=search_term_string\"}],\"inLanguage\":\"de\"},{\"@type\":\"WebPage\",\"@id\":\"http:\/\/www.martinkoos.de\/blog\/portraitfotografieberlin\/#webpage\",\"url\":\"http:\/\/www.martinkoos.de\/blog\/portraitfotografieberlin\/\",\"name\":\"Portr\\u00e4tfotografie und Dokumentation Fotoreportage &#8902; Martin Koos Fotografie\",\"isPartOf\":{\"@id\":\"http:\/\/www.martinkoos.de\/blog\/#website\"},\"datePublished\":\"2016-12-21T23:59:30+00:00\",\"dateModified\":\"2019-04-23T07:46:52+00:00\",\"description\":\"Martin Koos Portr\\u00e4tfotografie, Fotodokumentationen, Fotoreportagen. Auf dieser Seite alles, was nicht ins kommerzielle Schema passt.\",\"inLanguage\":\"de\",\"potentialAction\":[{\"@type\":\"ReadAction\",\"target\":[\"http:\/\/www.martinkoos.de\/blog\/portraitfotografieberlin\/\"]}]}]}<\/script>\n<!-- \/ Yoast SEO plugin. -->","_links":{"self":[{"href":"http:\/\/www.martinkoos.de\/blog\/wp-json\/wp\/v2\/pages\/3754"}],"collection":[{"href":"http:\/\/www.martinkoos.de\/blog\/wp-json\/wp\/v2\/pages"}],"about":[{"href":"http:\/\/www.martinkoos.de\/blog\/wp-json\/wp\/v2\/types\/page"}],"author":[{"embeddable":true,"href":"http:\/\/www.martinkoos.de\/blog\/wp-json\/wp\/v2\/users\/1"}],"replies":[{"embeddable":true,"href":"http:\/\/www.martinkoos.de\/blog\/wp-json\/wp\/v2\/comments?post=3754"}],"version-history":[{"count":21,"href":"http:\/\/www.martinkoos.de\/blog\/wp-json\/wp\/v2\/pages\/3754\/revisions"}],"predecessor-version":[{"id":5388,"href":"http:\/\/www.martinkoos.de\/blog\/wp-json\/wp\/v2\/pages\/3754\/revisions\/5388"}],"wp:attachment":[{"href":"http:\/\/www.martinkoos.de\/blog\/wp-json\/wp\/v2\/media?parent=3754"}],"curies":[{"name":"wp","href":"https:\/\/api.w.org\/{rel}","templated":true}]}}